{"id":3294,"date":"2018-03-02T08:12:45","date_gmt":"2018-03-02T08:12:45","guid":{"rendered":"https:\/\/dev.hildetrip.com\/about-hilde-trip\/"},"modified":"2025-09-16T16:44:19","modified_gmt":"2025-09-16T14:44:19","slug":"about-hilde-trip","status":"publish","type":"page","link":"https:\/\/dev.hildetrip.com\/da\/about-hilde-trip\/","title":{"rendered":"Hilde Trip"},"content":{"rendered":"<div class=\"wpb-content-wrapper\"><p>[vc_row css_animation=&#8221;&#8221; row_type=&#8221;row&#8221; use_row_as_full_screen_section=&#8221;no&#8221; type=&#8221;full_width&#8221; angled_section=&#8221;no&#8221; text_align=&#8221;left&#8221; background_image_as_pattern=&#8221;without_pattern&#8221;][vc_column][vc_empty_space][\/vc_column][\/vc_row][vc_row css_animation=&#8221;&#8221; row_type=&#8221;row&#8221; use_row_as_full_screen_section=&#8221;no&#8221; type=&#8221;grid&#8221; angled_section=&#8221;no&#8221; text_align=&#8221;left&#8221; background_image_as_pattern=&#8221;without_pattern&#8221; z_index=&#8221;&#8221;][vc_column offset=&#8221;vc_col-md-6&#8243;][qode_elements_holder number_of_columns=&#8221;one_column&#8221;][qode_elements_holder_item advanced_animations=&#8221;no&#8221; item_padding=&#8221;7% 0% 0% 0%&#8221; item_padding_1280_1440=&#8221;9% 4% 0% 64%&#8221; item_padding_768_1024=&#8221;20% 4% 0% 53%&#8221; item_padding_600_768=&#8221;13% 4% 0% 4%&#8221; item_padding_480_600=&#8221;13% 4% 0% 4%&#8221; item_padding_480=&#8221;13% 4% 0% 4%&#8221;][vc_single_image image=&#8221;2257&#8243; img_size=&#8221;500&#215;711&#8243; alignment=&#8221;center&#8221; qode_css_animation=&#8221;&#8221;][\/qode_elements_holder_item][\/qode_elements_holder][\/vc_column][vc_column offset=&#8221;vc_col-md-6&#8243;][qode_elements_holder number_of_columns=&#8221;one_column&#8221;][qode_elements_holder_item advanced_animations=&#8221;no&#8221; item_padding=&#8221;5% 0% 0 0px&#8221; item_padding_1280_1440=&#8221;88px 25% 0 5px&#8221; item_padding_768_1024=&#8221;120px 13% 0 5px&#8221; item_padding_600_768=&#8221;70px 13% 70px 4%&#8221; item_padding_480_600=&#8221;70px 13% 70px 4%&#8221; item_padding_480=&#8221;70px 2% 70px 4%&#8221;][vc_column_text]<\/p>\n<h1>Natural Art by Hilde Trip<\/h1>\n<p>[\/vc_column_text][vc_empty_space height=&#8221;20px&#8221;][vc_column_text]Naturens uudt\u00f8mmelige former og farverigdom er kilden til Hilde Trips unikke kunst.[\/vc_column_text][vc_empty_space height=&#8221;13px&#8221;][vc_column_text]Hver s\u00e6son byder p\u00e5 en uendelig m\u00e6ngde af fr\u00f8, blade, fjer, tr\u00e6bark og alle slags gr\u00e6sser, som hun samler og forarbejder til &#8216;Natural Art&#8217; i form af v\u00e6gobjekter.[\/vc_column_text][vc_empty_space height=&#8221;13px&#8221;][vc_column_text]Fordi hun voksede op p\u00e5 sine for\u00e6ldres g\u00e5rd, hvor rytmen af s\u00e5ning, v\u00e6kst og h\u00f8st var en selvf\u00f8lge, fokuserer hun nu mere bevidst p\u00e5, hvad naturen har at tilbyde.[\/vc_column_text][vc_empty_space height=&#8221;13px&#8221;][vc_column_text]Det er en uudt\u00f8mmelig kilde til inspiration og udfordring. Hilde indfanger permanent de forskellige former og farver i rammer og arrangerer dem i gentagne m\u00f8nstre. Dette kr\u00e6ver stor koncentration, som hun oplever som beroligende og undertiden endda meditativ. Hun giver beskueren mulighed for at flytte deres fokus og se p\u00e5 naturen med nye \u00f8jne! Hendes arbejde fremkalder b\u00e5de ro og dynamik, forundring og beundring.[\/vc_column_text][vc_empty_space height=&#8221;13px&#8221;][vc_column_text]Ved at genskabe naturen i et varigt kunstv\u00e6rk bliver det almindelige oph\u00f8jet til sk\u00f8nhed&#8230; af en anden orden, uden at der g\u00e5s p\u00e5 kompromis med dets renhed.[\/vc_column_text][vc_empty_space height=&#8221;33px&#8221;][\/qode_elements_holder_item][\/qode_elements_holder][\/vc_column][\/vc_row]<\/p>\n<\/div>","protected":false},"excerpt":{"rendered":"<p>[vc_row css_animation=&#8221;&#8221; row_type=&#8221;row&#8221; use_row_as_full_screen_section=&#8221;no&#8221; type=&#8221;full_width&#8221; angled_section=&#8221;no&#8221; text_align=&#8221;left&#8221; background_image_as_pattern=&#8221;without_pattern&#8221;][vc_column][vc_empty_space][\/vc_column][\/vc_row][vc_row css_animation=&#8221;&#8221; row_type=&#8221;row&#8221; use_row_as_full_screen_section=&#8221;no&#8221; type=&#8221;grid&#8221; angled_section=&#8221;no&#8221; text_align=&#8221;left&#8221; background_image_as_pattern=&#8221;without_pattern&#8221; z_index=&#8221;&#8221;][vc_column offset=&#8221;vc_col-md-6&#8243;][qode_elements_holder number_of_columns=&#8221;one_column&#8221;][qode_elements_holder_item advanced_animations=&#8221;no&#8221; item_padding=&#8221;7% 0% 0% 0%&#8221; item_padding_1280_1440=&#8221;9% 4% 0% 64%&#8221; item_padding_768_1024=&#8221;20% 4% 0% 53%&#8221; item_padding_600_768=&#8221;13% 4% 0% 4%&#8221; item_padding_480_600=&#8221;13% 4% 0% 4%&#8221; item_padding_480=&#8221;13% 4% 0% 4%&#8221;][vc_single_image image=&#8221;2257&#8243; img_size=&#8221;500&#215;711&#8243;&#8230;<\/p>\n","protected":false},"author":2,"featured_media":3295,"parent":0,"menu_order":0,"comment_status":"closed","ping_status":"closed","template":"full_width.php","meta":{"footnotes":""},"class_list":["post-3294","page","type-page","status-publish","has-post-thumbnail","hentry"],"yoast_head":"<!-- This site is optimized with the Yoast SEO plugin v26.8 - https:\/\/yoast.com\/product\/yoast-seo-wordpress\/ -->\n<title>Hilde Trip brings Natural Art to a next level; stillness and dynamism.<\/title>\n<meta name=\"description\" content=\"Hilde Trip her Natural Art is framing rhythmic and rearranging products of nature such as leaf, bark, grass and feathers.\" \/>\n<meta name=\"robots\" content=\"noindex, follow, max-snippet:-1, max-image-preview:large, max-video-preview:-1\" \/>\n<meta property=\"og:locale\" content=\"da_DK\" \/>\n<meta property=\"og:type\" content=\"article\" \/>\n<meta property=\"og:title\" content=\"Hilde Trip brings Natural Art to a next level; stillness and dynamism.\" \/>\n<meta property=\"og:description\" content=\"Hilde Trip her Natural Art is framing rhythmic and rearranging products of nature such as leaf, bark, grass and feathers.\" \/>\n<meta property=\"og:url\" content=\"https:\/\/dev.hildetrip.com\/da\/about-hilde-trip\/\" \/>\n<meta property=\"og:site_name\" content=\"Hilde Trip\" \/>\n<meta property=\"article:modified_time\" content=\"2025-09-16T14:44:19+00:00\" \/>\n<meta property=\"og:image\" content=\"https:\/\/dev.hildetrip.com\/wp-content\/uploads\/hilde-trip-natural-art.jpg\" \/>\n\t<meta property=\"og:image:width\" content=\"1500\" \/>\n\t<meta property=\"og:image:height\" content=\"2132\" \/>\n\t<meta property=\"og:image:type\" content=\"image\/jpeg\" \/>\n<meta name=\"twitter:label1\" content=\"Estimeret l\u00e6setid\" \/>\n\t<meta name=\"twitter:data1\" content=\"2 minut\" \/>\n<script type=\"application\/ld+json\" class=\"yoast-schema-graph\">{\"@context\":\"https:\/\/schema.org\",\"@graph\":[{\"@type\":\"WebPage\",\"@id\":\"https:\/\/dev.hildetrip.com\/da\/about-hilde-trip\/\",\"url\":\"https:\/\/dev.hildetrip.com\/da\/about-hilde-trip\/\",\"name\":\"Hilde Trip brings Natural Art to a next level; stillness and dynamism.\",\"isPartOf\":{\"@id\":\"https:\/\/dev.hildetrip.com\/#website\"},\"primaryImageOfPage\":{\"@id\":\"https:\/\/dev.hildetrip.com\/da\/about-hilde-trip\/#primaryimage\"},\"image\":{\"@id\":\"https:\/\/dev.hildetrip.com\/da\/about-hilde-trip\/#primaryimage\"},\"thumbnailUrl\":\"https:\/\/dev.hildetrip.com\/wp-content\/uploads\/hilde-trip-natural-art.jpg\",\"datePublished\":\"2018-03-02T08:12:45+00:00\",\"dateModified\":\"2025-09-16T14:44:19+00:00\",\"description\":\"Hilde Trip her Natural Art is framing rhythmic and rearranging products of nature such as leaf, bark, grass and feathers.\",\"breadcrumb\":{\"@id\":\"https:\/\/dev.hildetrip.com\/da\/about-hilde-trip\/#breadcrumb\"},\"inLanguage\":\"da-DK\",\"potentialAction\":[{\"@type\":\"ReadAction\",\"target\":[\"https:\/\/dev.hildetrip.com\/da\/about-hilde-trip\/\"]}]},{\"@type\":\"ImageObject\",\"inLanguage\":\"da-DK\",\"@id\":\"https:\/\/dev.hildetrip.com\/da\/about-hilde-trip\/#primaryimage\",\"url\":\"https:\/\/dev.hildetrip.com\/wp-content\/uploads\/hilde-trip-natural-art.jpg\",\"contentUrl\":\"https:\/\/dev.hildetrip.com\/wp-content\/uploads\/hilde-trip-natural-art.jpg\",\"width\":1500,\"height\":2132,\"caption\":\"hilde trip natural art\"},{\"@type\":\"BreadcrumbList\",\"@id\":\"https:\/\/dev.hildetrip.com\/da\/about-hilde-trip\/#breadcrumb\",\"itemListElement\":[{\"@type\":\"ListItem\",\"position\":1,\"name\":\"Home\",\"item\":\"https:\/\/dev.hildetrip.com\/da\/portfolio-natural-art\/\"},{\"@type\":\"ListItem\",\"position\":2,\"name\":\"Hilde Trip\"}]},{\"@type\":\"WebSite\",\"@id\":\"https:\/\/dev.hildetrip.com\/#website\",\"url\":\"https:\/\/dev.hildetrip.com\/\",\"name\":\"Hilde Trip\",\"description\":\"Natural Art\",\"potentialAction\":[{\"@type\":\"SearchAction\",\"target\":{\"@type\":\"EntryPoint\",\"urlTemplate\":\"https:\/\/dev.hildetrip.com\/?s={search_term_string}\"},\"query-input\":{\"@type\":\"PropertyValueSpecification\",\"valueRequired\":true,\"valueName\":\"search_term_string\"}}],\"inLanguage\":\"da-DK\"}]}<\/script>\n<!-- \/ Yoast SEO plugin. -->","yoast_head_json":{"title":"Hilde Trip brings Natural Art to a next level; stillness and dynamism.","description":"Hilde Trip her Natural Art is framing rhythmic and rearranging products of nature such as leaf, bark, grass and feathers.","robots":{"index":"noindex","follow":"follow","max-snippet":"max-snippet:-1","max-image-preview":"max-image-preview:large","max-video-preview":"max-video-preview:-1"},"og_locale":"da_DK","og_type":"article","og_title":"Hilde Trip brings Natural Art to a next level; stillness and dynamism.","og_description":"Hilde Trip her Natural Art is framing rhythmic and rearranging products of nature such as leaf, bark, grass and feathers.","og_url":"https:\/\/dev.hildetrip.com\/da\/about-hilde-trip\/","og_site_name":"Hilde Trip","article_modified_time":"2025-09-16T14:44:19+00:00","og_image":[{"width":1500,"height":2132,"url":"https:\/\/dev.hildetrip.com\/wp-content\/uploads\/hilde-trip-natural-art.jpg","type":"image\/jpeg"}],"twitter_misc":{"Estimeret l\u00e6setid":"2 minut"},"schema":{"@context":"https:\/\/schema.org","@graph":[{"@type":"WebPage","@id":"https:\/\/dev.hildetrip.com\/da\/about-hilde-trip\/","url":"https:\/\/dev.hildetrip.com\/da\/about-hilde-trip\/","name":"Hilde Trip brings Natural Art to a next level; stillness and dynamism.","isPartOf":{"@id":"https:\/\/dev.hildetrip.com\/#website"},"primaryImageOfPage":{"@id":"https:\/\/dev.hildetrip.com\/da\/about-hilde-trip\/#primaryimage"},"image":{"@id":"https:\/\/dev.hildetrip.com\/da\/about-hilde-trip\/#primaryimage"},"thumbnailUrl":"https:\/\/dev.hildetrip.com\/wp-content\/uploads\/hilde-trip-natural-art.jpg","datePublished":"2018-03-02T08:12:45+00:00","dateModified":"2025-09-16T14:44:19+00:00","description":"Hilde Trip her Natural Art is framing rhythmic and rearranging products of nature such as leaf, bark, grass and feathers.","breadcrumb":{"@id":"https:\/\/dev.hildetrip.com\/da\/about-hilde-trip\/#breadcrumb"},"inLanguage":"da-DK","potentialAction":[{"@type":"ReadAction","target":["https:\/\/dev.hildetrip.com\/da\/about-hilde-trip\/"]}]},{"@type":"ImageObject","inLanguage":"da-DK","@id":"https:\/\/dev.hildetrip.com\/da\/about-hilde-trip\/#primaryimage","url":"https:\/\/dev.hildetrip.com\/wp-content\/uploads\/hilde-trip-natural-art.jpg","contentUrl":"https:\/\/dev.hildetrip.com\/wp-content\/uploads\/hilde-trip-natural-art.jpg","width":1500,"height":2132,"caption":"hilde trip natural art"},{"@type":"BreadcrumbList","@id":"https:\/\/dev.hildetrip.com\/da\/about-hilde-trip\/#breadcrumb","itemListElement":[{"@type":"ListItem","position":1,"name":"Home","item":"https:\/\/dev.hildetrip.com\/da\/portfolio-natural-art\/"},{"@type":"ListItem","position":2,"name":"Hilde Trip"}]},{"@type":"WebSite","@id":"https:\/\/dev.hildetrip.com\/#website","url":"https:\/\/dev.hildetrip.com\/","name":"Hilde Trip","description":"Natural Art","potentialAction":[{"@type":"SearchAction","target":{"@type":"EntryPoint","urlTemplate":"https:\/\/dev.hildetrip.com\/?s={search_term_string}"},"query-input":{"@type":"PropertyValueSpecification","valueRequired":true,"valueName":"search_term_string"}}],"inLanguage":"da-DK"}]}},"_links":{"self":[{"href":"https:\/\/dev.hildetrip.com\/da\/wp-json\/wp\/v2\/pages\/3294","targetHints":{"allow":["GET"]}}],"collection":[{"href":"https:\/\/dev.hildetrip.com\/da\/wp-json\/wp\/v2\/pages"}],"about":[{"href":"https:\/\/dev.hildetrip.com\/da\/wp-json\/wp\/v2\/types\/page"}],"author":[{"embeddable":true,"href":"https:\/\/dev.hildetrip.com\/da\/wp-json\/wp\/v2\/users\/2"}],"replies":[{"embeddable":true,"href":"https:\/\/dev.hildetrip.com\/da\/wp-json\/wp\/v2\/comments?post=3294"}],"version-history":[{"count":3,"href":"https:\/\/dev.hildetrip.com\/da\/wp-json\/wp\/v2\/pages\/3294\/revisions"}],"predecessor-version":[{"id":3837,"href":"https:\/\/dev.hildetrip.com\/da\/wp-json\/wp\/v2\/pages\/3294\/revisions\/3837"}],"wp:featuredmedia":[{"embeddable":true,"href":"https:\/\/dev.hildetrip.com\/da\/wp-json\/wp\/v2\/media\/3295"}],"wp:attachment":[{"href":"https:\/\/dev.hildetrip.com\/da\/wp-json\/wp\/v2\/media?parent=3294"}],"curies":[{"name":"wp","href":"https:\/\/api.w.org\/{rel}","templated":true}]}}