{"id":3300,"date":"2018-03-02T08:12:45","date_gmt":"2018-03-02T08:12:45","guid":{"rendered":"https:\/\/dev.hildetrip.com\/about-hilde-trip\/"},"modified":"2025-10-08T15:51:19","modified_gmt":"2025-10-08T13:51:19","slug":"about-hilde-trip","status":"publish","type":"page","link":"https:\/\/dev.hildetrip.com\/de\/about-hilde-trip\/","title":{"rendered":"Hilde Trip"},"content":{"rendered":"<div class=\"wpb-content-wrapper\"><p>[vc_row css_animation=&#8220;&#8220; row_type=&#8220;row&#8220; use_row_as_full_screen_section=&#8220;no&#8220; type=&#8220;full_width&#8220; angled_section=&#8220;no&#8220; text_align=&#8220;left&#8220; background_image_as_pattern=&#8220;without_pattern&#8220;][vc_column][vc_empty_space][\/vc_column][\/vc_row][vc_row css_animation=&#8220;&#8220; row_type=&#8220;row&#8220; use_row_as_full_screen_section=&#8220;no&#8220; type=&#8220;grid&#8220; angled_section=&#8220;no&#8220; text_align=&#8220;left&#8220; background_image_as_pattern=&#8220;without_pattern&#8220; z_index=&#8220;&#8220;][vc_column offset=&#8220;vc_col-md-6&#8243;][qode_elements_holder number_of_columns=&#8220;one_column&#8220;][qode_elements_holder_item advanced_animations=&#8220;no&#8220; item_padding=&#8220;7% 0% 0% 0%&#8220; item_padding_1280_1440=&#8220;9% 4% 0% 64%&#8220; item_padding_768_1024=&#8220;20% 4% 0% 53%&#8220; item_padding_600_768=&#8220;13% 4% 0% 4%&#8220; item_padding_480_600=&#8220;13% 4% 0% 4%&#8220; item_padding_480=&#8220;13% 4% 0% 4%&#8220;][vc_single_image image=&#8220;2257&#8243; img_size=&#8220;500&#215;711&#8243; alignment=&#8220;center&#8220; qode_css_animation=&#8220;&#8220;][\/qode_elements_holder_item][\/qode_elements_holder][\/vc_column][vc_column offset=&#8220;vc_col-md-6&#8243;][qode_elements_holder number_of_columns=&#8220;one_column&#8220;][qode_elements_holder_item advanced_animations=&#8220;no&#8220; item_padding=&#8220;5% 0% 0 0px&#8220; item_padding_1280_1440=&#8220;88px 25% 0 5px&#8220; item_padding_768_1024=&#8220;120px 13% 0 5px&#8220; item_padding_600_768=&#8220;70px 13% 70px 4%&#8220; item_padding_480_600=&#8220;70px 13% 70px 4%&#8220; item_padding_480=&#8220;70px 2% 70px 4%&#8220;][vc_column_text]<\/p>\n<p><\/p>\n<h1>Nat\u00fcrliche Kunst von Hilde Trip<\/h1>\n<p><\/p>\n<p>[\/vc_column_text][vc_empty_space height=&#8220;20px&#8220;][vc_column_text]Die unersch\u00f6pfliche Formenvielfalt und Farbenpracht der Natur ist die Quelle f\u00fcr Hilde Trips einzigartige Kunst.[\/vc_column_text][vc_empty_space height=&#8220;13px&#8220;][vc_column_text]Jede Jahreszeit bietet eine unendliche Menge an Samen, Bl\u00e4ttern, Federn, Baumrinde und allen Arten von Gr\u00e4sern, die sie sammelt und zu \u201eNaturkunst\u201c in Form von Wandobjekten verarbeitet.[\/vc_column_text][vc_empty_space height=&#8220;13px&#8220;][vc_column_text]Aufgewachsen auf dem Bauernhof ihrer Eltern, wo der Rhythmus des S\u00e4ens, Wachsens und Erntens eine Selbstverst\u00e4ndlichkeit war, konzentriert sie sich nun bewusster auf das, was die Natur zu bieten hat.[\/vc_column_text][vc_empty_space height=&#8220;13px&#8220;][vc_column_text]Es ist eine unersch\u00f6pfliche Quelle der Inspiration und Herausforderung. Hilde h\u00e4lt die vielf\u00e4ltigen Formen und Farben dauerhaft in Rahmen fest und ordnet sie in sich wiederholenden Mustern an. Das erfordert gro\u00dfe Konzentration, die sie als beruhigend und manchmal sogar meditativ empfindet. Sie bef\u00e4higt den Betrachter, seinen Fokus zu verlagern und die Natur mit anderen Augen zu sehen! Ihre Arbeiten vermitteln sowohl Ruhe als auch Dynamik, Staunen und Bewunderung.[\/vc_column_text][vc_empty_space height=&#8220;13px&#8220;][vc_column_text]Indem die Natur in einem dauerhaften Kunstwerk nachgebildet wird, wird das Gew\u00f6hnliche zu einer Sch\u00f6nheit erhoben, die einer anderen Ordnung angeh\u00f6rt, ohne dabei seine Reinheit zu beeintr\u00e4chtigen.[\/vc_column_text][vc_empty_space height=&#8220;33px&#8220;][\/qode_elements_holder_item][\/qode_elements_holder][\/vc_column][\/vc_row]<\/p>\n<\/div>","protected":false},"excerpt":{"rendered":"<p>[vc_row css_animation=&#8220;&#8220; row_type=&#8220;row&#8220; use_row_as_full_screen_section=&#8220;no&#8220; type=&#8220;full_width&#8220; angled_section=&#8220;no&#8220; text_align=&#8220;left&#8220; background_image_as_pattern=&#8220;without_pattern&#8220;][vc_column][vc_empty_space][\/vc_column][\/vc_row][vc_row css_animation=&#8220;&#8220; row_type=&#8220;row&#8220; use_row_as_full_screen_section=&#8220;no&#8220; type=&#8220;grid&#8220; angled_section=&#8220;no&#8220; text_align=&#8220;left&#8220; background_image_as_pattern=&#8220;without_pattern&#8220; z_index=&#8220;&#8220;][vc_column offset=&#8220;vc_col-md-6&#8243;][qode_elements_holder number_of_columns=&#8220;one_column&#8220;][qode_elements_holder_item advanced_animations=&#8220;no&#8220; item_padding=&#8220;7% 0% 0% 0%&#8220; item_padding_1280_1440=&#8220;9% 4% 0% 64%&#8220; item_padding_768_1024=&#8220;20% 4% 0% 53%&#8220; item_padding_600_768=&#8220;13% 4% 0% 4%&#8220; item_padding_480_600=&#8220;13% 4% 0% 4%&#8220; item_padding_480=&#8220;13% 4% 0% 4%&#8220;][vc_single_image image=&#8220;2257&#8243; img_size=&#8220;500&#215;711&#8243;&#8230;<\/p>\n","protected":false},"author":2,"featured_media":3301,"parent":0,"menu_order":0,"comment_status":"closed","ping_status":"closed","template":"full_width.php","meta":{"footnotes":""},"class_list":["post-3300","page","type-page","status-publish","has-post-thumbnail","hentry"],"yoast_head":"<!-- This site is optimized with the Yoast SEO plugin v26.8 - https:\/\/yoast.com\/product\/yoast-seo-wordpress\/ -->\n<title>Hilde Trip hebt Naturkunst auf eine neue Ebene: Stille und Dynamik.<\/title>\n<meta name=\"description\" content=\"Hilde Trip ihre nat\u00fcrliche Kunst besteht darin, rhythmische Rahmen zu gestalten und Naturprodukte wie Bl\u00e4tter, Rinde, Gras und Federn neu zu arrangieren.\" \/>\n<meta name=\"robots\" content=\"noindex, follow, max-snippet:-1, max-image-preview:large, max-video-preview:-1\" \/>\n<meta property=\"og:locale\" content=\"de_DE\" \/>\n<meta property=\"og:type\" content=\"article\" \/>\n<meta property=\"og:title\" content=\"Hilde Trip hebt Naturkunst auf eine neue Ebene: Stille und Dynamik.\" \/>\n<meta property=\"og:description\" content=\"Hilde Trip ihre nat\u00fcrliche Kunst besteht darin, rhythmische Rahmen zu gestalten und Naturprodukte wie Bl\u00e4tter, Rinde, Gras und Federn neu zu arrangieren.\" \/>\n<meta property=\"og:url\" content=\"https:\/\/dev.hildetrip.com\/de\/about-hilde-trip\/\" \/>\n<meta property=\"og:site_name\" content=\"Hilde Trip\" \/>\n<meta property=\"article:modified_time\" content=\"2025-10-08T13:51:19+00:00\" \/>\n<meta property=\"og:image\" content=\"https:\/\/dev.hildetrip.com\/wp-content\/uploads\/hilde-trip-natural-art.jpg\" \/>\n\t<meta property=\"og:image:width\" content=\"1500\" \/>\n\t<meta property=\"og:image:height\" content=\"2132\" \/>\n\t<meta property=\"og:image:type\" content=\"image\/jpeg\" \/>\n<meta name=\"twitter:label1\" content=\"Gesch\u00e4tzte Lesezeit\" \/>\n\t<meta name=\"twitter:data1\" content=\"3\u00a0Minute\" \/>\n<script type=\"application\/ld+json\" class=\"yoast-schema-graph\">{\"@context\":\"https:\/\/schema.org\",\"@graph\":[{\"@type\":\"WebPage\",\"@id\":\"https:\/\/dev.hildetrip.com\/de\/about-hilde-trip\/\",\"url\":\"https:\/\/dev.hildetrip.com\/de\/about-hilde-trip\/\",\"name\":\"Hilde Trip hebt Naturkunst auf eine neue Ebene: Stille und Dynamik.\",\"isPartOf\":{\"@id\":\"https:\/\/dev.hildetrip.com\/#website\"},\"primaryImageOfPage\":{\"@id\":\"https:\/\/dev.hildetrip.com\/de\/about-hilde-trip\/#primaryimage\"},\"image\":{\"@id\":\"https:\/\/dev.hildetrip.com\/de\/about-hilde-trip\/#primaryimage\"},\"thumbnailUrl\":\"https:\/\/dev.hildetrip.com\/wp-content\/uploads\/hilde-trip-natural-art.jpg\",\"datePublished\":\"2018-03-02T08:12:45+00:00\",\"dateModified\":\"2025-10-08T13:51:19+00:00\",\"description\":\"Hilde Trip ihre nat\u00fcrliche Kunst besteht darin, rhythmische Rahmen zu gestalten und Naturprodukte wie Bl\u00e4tter, Rinde, Gras und Federn neu zu arrangieren.\",\"breadcrumb\":{\"@id\":\"https:\/\/dev.hildetrip.com\/de\/about-hilde-trip\/#breadcrumb\"},\"inLanguage\":\"de\",\"potentialAction\":[{\"@type\":\"ReadAction\",\"target\":[\"https:\/\/dev.hildetrip.com\/de\/about-hilde-trip\/\"]}]},{\"@type\":\"ImageObject\",\"inLanguage\":\"de\",\"@id\":\"https:\/\/dev.hildetrip.com\/de\/about-hilde-trip\/#primaryimage\",\"url\":\"https:\/\/dev.hildetrip.com\/wp-content\/uploads\/hilde-trip-natural-art.jpg\",\"contentUrl\":\"https:\/\/dev.hildetrip.com\/wp-content\/uploads\/hilde-trip-natural-art.jpg\",\"width\":1500,\"height\":2132,\"caption\":\"hilde trip natural art\"},{\"@type\":\"BreadcrumbList\",\"@id\":\"https:\/\/dev.hildetrip.com\/de\/about-hilde-trip\/#breadcrumb\",\"itemListElement\":[{\"@type\":\"ListItem\",\"position\":1,\"name\":\"Home\",\"item\":\"https:\/\/dev.hildetrip.com\/de\/portfolio-natural-art\/\"},{\"@type\":\"ListItem\",\"position\":2,\"name\":\"Hilde Trip\"}]},{\"@type\":\"WebSite\",\"@id\":\"https:\/\/dev.hildetrip.com\/#website\",\"url\":\"https:\/\/dev.hildetrip.com\/\",\"name\":\"Hilde Trip\",\"description\":\"Natural Art\",\"potentialAction\":[{\"@type\":\"SearchAction\",\"target\":{\"@type\":\"EntryPoint\",\"urlTemplate\":\"https:\/\/dev.hildetrip.com\/?s={search_term_string}\"},\"query-input\":{\"@type\":\"PropertyValueSpecification\",\"valueRequired\":true,\"valueName\":\"search_term_string\"}}],\"inLanguage\":\"de\"}]}<\/script>\n<!-- \/ Yoast SEO plugin. -->","yoast_head_json":{"title":"Hilde Trip hebt Naturkunst auf eine neue Ebene: Stille und Dynamik.","description":"Hilde Trip ihre nat\u00fcrliche Kunst besteht darin, rhythmische Rahmen zu gestalten und Naturprodukte wie Bl\u00e4tter, Rinde, Gras und Federn neu zu arrangieren.","robots":{"index":"noindex","follow":"follow","max-snippet":"max-snippet:-1","max-image-preview":"max-image-preview:large","max-video-preview":"max-video-preview:-1"},"og_locale":"de_DE","og_type":"article","og_title":"Hilde Trip hebt Naturkunst auf eine neue Ebene: Stille und Dynamik.","og_description":"Hilde Trip ihre nat\u00fcrliche Kunst besteht darin, rhythmische Rahmen zu gestalten und Naturprodukte wie Bl\u00e4tter, Rinde, Gras und Federn neu zu arrangieren.","og_url":"https:\/\/dev.hildetrip.com\/de\/about-hilde-trip\/","og_site_name":"Hilde Trip","article_modified_time":"2025-10-08T13:51:19+00:00","og_image":[{"width":1500,"height":2132,"url":"https:\/\/dev.hildetrip.com\/wp-content\/uploads\/hilde-trip-natural-art.jpg","type":"image\/jpeg"}],"twitter_misc":{"Gesch\u00e4tzte Lesezeit":"3\u00a0Minute"},"schema":{"@context":"https:\/\/schema.org","@graph":[{"@type":"WebPage","@id":"https:\/\/dev.hildetrip.com\/de\/about-hilde-trip\/","url":"https:\/\/dev.hildetrip.com\/de\/about-hilde-trip\/","name":"Hilde Trip hebt Naturkunst auf eine neue Ebene: Stille und Dynamik.","isPartOf":{"@id":"https:\/\/dev.hildetrip.com\/#website"},"primaryImageOfPage":{"@id":"https:\/\/dev.hildetrip.com\/de\/about-hilde-trip\/#primaryimage"},"image":{"@id":"https:\/\/dev.hildetrip.com\/de\/about-hilde-trip\/#primaryimage"},"thumbnailUrl":"https:\/\/dev.hildetrip.com\/wp-content\/uploads\/hilde-trip-natural-art.jpg","datePublished":"2018-03-02T08:12:45+00:00","dateModified":"2025-10-08T13:51:19+00:00","description":"Hilde Trip ihre nat\u00fcrliche Kunst besteht darin, rhythmische Rahmen zu gestalten und Naturprodukte wie Bl\u00e4tter, Rinde, Gras und Federn neu zu arrangieren.","breadcrumb":{"@id":"https:\/\/dev.hildetrip.com\/de\/about-hilde-trip\/#breadcrumb"},"inLanguage":"de","potentialAction":[{"@type":"ReadAction","target":["https:\/\/dev.hildetrip.com\/de\/about-hilde-trip\/"]}]},{"@type":"ImageObject","inLanguage":"de","@id":"https:\/\/dev.hildetrip.com\/de\/about-hilde-trip\/#primaryimage","url":"https:\/\/dev.hildetrip.com\/wp-content\/uploads\/hilde-trip-natural-art.jpg","contentUrl":"https:\/\/dev.hildetrip.com\/wp-content\/uploads\/hilde-trip-natural-art.jpg","width":1500,"height":2132,"caption":"hilde trip natural art"},{"@type":"BreadcrumbList","@id":"https:\/\/dev.hildetrip.com\/de\/about-hilde-trip\/#breadcrumb","itemListElement":[{"@type":"ListItem","position":1,"name":"Home","item":"https:\/\/dev.hildetrip.com\/de\/portfolio-natural-art\/"},{"@type":"ListItem","position":2,"name":"Hilde Trip"}]},{"@type":"WebSite","@id":"https:\/\/dev.hildetrip.com\/#website","url":"https:\/\/dev.hildetrip.com\/","name":"Hilde Trip","description":"Natural Art","potentialAction":[{"@type":"SearchAction","target":{"@type":"EntryPoint","urlTemplate":"https:\/\/dev.hildetrip.com\/?s={search_term_string}"},"query-input":{"@type":"PropertyValueSpecification","valueRequired":true,"valueName":"search_term_string"}}],"inLanguage":"de"}]}},"_links":{"self":[{"href":"https:\/\/dev.hildetrip.com\/de\/wp-json\/wp\/v2\/pages\/3300","targetHints":{"allow":["GET"]}}],"collection":[{"href":"https:\/\/dev.hildetrip.com\/de\/wp-json\/wp\/v2\/pages"}],"about":[{"href":"https:\/\/dev.hildetrip.com\/de\/wp-json\/wp\/v2\/types\/page"}],"author":[{"embeddable":true,"href":"https:\/\/dev.hildetrip.com\/de\/wp-json\/wp\/v2\/users\/2"}],"replies":[{"embeddable":true,"href":"https:\/\/dev.hildetrip.com\/de\/wp-json\/wp\/v2\/comments?post=3300"}],"version-history":[{"count":3,"href":"https:\/\/dev.hildetrip.com\/de\/wp-json\/wp\/v2\/pages\/3300\/revisions"}],"predecessor-version":[{"id":3840,"href":"https:\/\/dev.hildetrip.com\/de\/wp-json\/wp\/v2\/pages\/3300\/revisions\/3840"}],"wp:featuredmedia":[{"embeddable":true,"href":"https:\/\/dev.hildetrip.com\/de\/wp-json\/wp\/v2\/media\/3301"}],"wp:attachment":[{"href":"https:\/\/dev.hildetrip.com\/de\/wp-json\/wp\/v2\/media?parent=3300"}],"curies":[{"name":"wp","href":"https:\/\/api.w.org\/{rel}","templated":true}]}}